{"id":6406,"date":"2024-11-16T22:10:38","date_gmt":"2024-11-16T22:10:38","guid":{"rendered":"https:\/\/sergiopuerta.com\/?page_id=6406"},"modified":"2024-11-17T12:38:12","modified_gmt":"2024-11-17T12:38:12","slug":"self-mastery","status":"publish","type":"page","link":"https:\/\/sergiopuerta.com\/es\/self-mastery\/","title":{"rendered":"Automaestr\u00eda"},"content":{"rendered":"<div data-elementor-type=\"wp-page\" data-elementor-id=\"6406\" class=\"elementor elementor-6406\">\n\t\t\t\t<div class=\"elementor-element elementor-element-086bde2 e-flex e-con-boxed e-con e-parent\" data-id=\"086bde2\" data-element_type=\"container\" data-e-type=\"container\">\n\t\t\t\t\t<div class=\"e-con-inner\">\n\t\t\t\t<div class=\"elementor-element elementor-element-391dbdb elementor-widget elementor-widget-heading\" data-id=\"391dbdb\" data-element_type=\"widget\" data-e-type=\"widget\" data-widget_type=\"heading.default\">\n\t\t\t\t<div class=\"elementor-widget-container\">\n\t\t\t\t\t<h2 class=\"elementor-heading-title elementor-size-default\">advanced Training of Akashic Records<\/h2>\t\t\t\t<\/div>\n\t\t\t\t<\/div>\n\t\t\t\t<div class=\"elementor-element elementor-element-f338d18 elementor-widget elementor-widget-text-editor\" data-id=\"f338d18\" data-element_type=\"widget\" data-e-type=\"widget\" data-widget_type=\"text-editor.default\">\n\t\t\t\t<div class=\"elementor-widget-container\">\n\t\t\t\t\t\t\t\t\t<h5 style=\"font-style: normal; text-align: center;\">SELF-MASTERY &#8211; LEVEL III<\/h5>\t\t\t\t\t\t\t\t<\/div>\n\t\t\t\t<\/div>\n\t\t\t\t<div class=\"elementor-element elementor-element-9ddcdca elementor-widget__width-initial elementor-widget elementor-widget-image-carousel\" data-id=\"9ddcdca\" data-element_type=\"widget\" data-e-type=\"widget\" data-settings=\"{&quot;slides_to_show&quot;:&quot;1&quot;,&quot;navigation&quot;:&quot;none&quot;,&quot;autoplay_speed&quot;:2000,&quot;effect&quot;:&quot;fade&quot;,&quot;speed&quot;:2000,&quot;autoplay&quot;:&quot;yes&quot;,&quot;pause_on_hover&quot;:&quot;yes&quot;,&quot;pause_on_interaction&quot;:&quot;yes&quot;,&quot;infinite&quot;:&quot;yes&quot;}\" data-widget_type=\"image-carousel.default\">\n\t\t\t\t<div class=\"elementor-widget-container\">\n\t\t\t\t\t\t\t<div class=\"elementor-image-carousel-wrapper swiper\" role=\"region\" aria-roledescription=\"carousel\" aria-label=\"Image Carousel\" dir=\"ltr\">\n\t\t\t<div class=\"elementor-image-carousel swiper-wrapper swiper-image-stretch\" aria-live=\"off\">\n\t\t\t\t\t\t\t\t<div class=\"swiper-slide\" role=\"group\" aria-roledescription=\"slide\" aria-label=\"1 of 5\"><figure class=\"swiper-slide-inner\"><img decoding=\"async\" class=\"swiper-slide-image\" src=\"https:\/\/sergiopuerta.com\/wp-content\/uploads\/2024\/11\/Elemental-beings-min-e1731795030650-1024x442.jpg\" alt=\"Elemental beings-min\" \/><\/figure><\/div><div class=\"swiper-slide\" role=\"group\" aria-roledescription=\"slide\" aria-label=\"2 of 5\"><figure class=\"swiper-slide-inner\"><img decoding=\"async\" class=\"swiper-slide-image\" src=\"https:\/\/sergiopuerta.com\/wp-content\/uploads\/2024\/11\/Places-spirit-min-e1731795117280-1024x442.jpg\" alt=\"Places spirit-min\" \/><\/figure><\/div><div class=\"swiper-slide\" role=\"group\" aria-roledescription=\"slide\" aria-label=\"3 of 5\"><figure class=\"swiper-slide-inner\"><img decoding=\"async\" class=\"swiper-slide-image\" src=\"https:\/\/sergiopuerta.com\/wp-content\/uploads\/2024\/11\/Infinity-min-e1731795249809-1024x442.jpg\" alt=\"Infinity-min\" \/><\/figure><\/div><div class=\"swiper-slide\" role=\"group\" aria-roledescription=\"slide\" aria-label=\"4 of 5\"><figure class=\"swiper-slide-inner\"><img decoding=\"async\" class=\"swiper-slide-image\" src=\"https:\/\/sergiopuerta.com\/wp-content\/uploads\/2024\/11\/Nature-min-e1731795288759-1024x442.jpg\" alt=\"Nature-min\" \/><\/figure><\/div><div class=\"swiper-slide\" role=\"group\" aria-roledescription=\"slide\" aria-label=\"5 of 5\"><figure class=\"swiper-slide-inner\"><img decoding=\"async\" class=\"swiper-slide-image\" src=\"https:\/\/sergiopuerta.com\/wp-content\/uploads\/2024\/11\/Places-min-e1731795332424-1024x442.jpg\" alt=\"Places-min\" \/><\/figure><\/div>\t\t\t<\/div>\n\t\t\t\t\t\t\t\n\t\t\t\t\t\t\t\t\t<\/div>\n\t\t\t\t\t\t<\/div>\n\t\t\t\t<\/div>\n\t\t\t\t<div class=\"elementor-element elementor-element-d7e0417 elementor-widget-mobile__width-inherit elementor-widget elementor-widget-text-editor\" data-id=\"d7e0417\" data-element_type=\"widget\" data-e-type=\"widget\" data-widget_type=\"text-editor.default\">\n\t\t\t\t<div class=\"elementor-widget-container\">\n\t\t\t\t\t\t\t\t\t<p>It is the previous step to the Mastery, as long as you feel that this is your path. The Mastery is felt in the depths of the heart. It is an inner call to expand this wisdom in another way, teaching others who also seek their home on Earth. The Masters of the Akash and your Higher Self are who will indicate this step to you, if that is the way it should be.<\/p><p>Self-mastery is for you, to secure your ascension to higher planes of frequency and vibration. This step is definitive to be able to bring Heaven down to Earth. Activating your gravitational fields and using the strength of your elevated Self to maintain an optimal bio-energetic state.<\/p><h5 style=\"text-align: center;\"><span style=\"text-align: var(--text-align); background-color: var(--ast-global-color-5);\"><b><i>&#8220;<\/i><\/b><strong><i>The mind is the channel through which one\u2019s Higher Self, can inhabit its physical vehicle: your body<\/i><i>\u2019<\/i><i>\u2019.<\/i><\/strong><\/span><\/h5><div><span style=\"text-align: var(--text-align); background-color: var(--ast-global-color-5);\"><b><i>\u00a0<\/i><\/b><\/span><\/div><div><p style=\"text-align: left;\">To come this far is and opportunity to become your own Master in direct communion with your Spirit. From that place, you will offer your wisdom to the world by performing healing Readings that will mark changes in variable destination points, avoiding the suffering derived from the confusion of so many concepts that obstruct the way back to the Home of God.<\/p><p style=\"text-align: left;\">Heaven is a state of mind, not a place. To live in Love is to live in Heaven. To live in fear is to be in hell. You have the choice of your inner state and its outer consequence. Every cause has its own effects.<\/p><\/div><div><h4 style=\"font-style: normal; text-align: center;\">ADVANCED TRAINING OF AKASHIC RECORDS &#8211; LEVEL III<\/h4><\/div><div>\u00a0<\/div><div>This is the ADVANCED course, the SELF MASTERY that culminates your training as a READER in the Akashic Records. From this level on, there are no more limits in the communication with the Whole. It is about knowing the Truth of your Higher Self and allowing Him to direct your steps, listening to His Voice and surrendering to His higher indications.<\/div><h4>\u00a0<\/h4><h4 style=\"text-align: start;\"><b style=\"font-style: inherit; background-color: var(--ast-global-color-5); color: var(--ast-global-color-3);\">LEVEL III CONTENTS<\/b><\/h4><div><b style=\"font-style: inherit; background-color: var(--ast-global-color-5); color: var(--ast-global-color-3);\">\u00a0<\/b><\/div><ol><li>Introduction to Self Mastery<\/li><li>Balancing and Healing the Chakras through the Spirit\u00a0<\/li><li>The MERKABAH: Theory\u00a0<\/li><li>Light Body Activation through the MERKABAH\u00a0<\/li><li>Akashic Records Initiation, Level III\u00a0<\/li><li>Access to the Akashic Records, Level III\u00a0<\/li><li>Healing Circle with the Akashic Records\u00a0<\/li><li>How to open the Akashic Records to Nature, Animals and Places<\/li><li>Meeting Your Personal Elemental Self\u00a0<\/li><li>Akashic Activation for the Self Mastery Integration<\/li><\/ol><p><span style=\"font-weight: 400;\">It is the era of deepening into ancestral knowledge. It is not about knowing more, but about knowing what we know. That is SELF MASTERY. It is not ignoring knowledge that may catalyze our transformation, but going deeper into it. Our mind is not a container to enter information into, it is an inexhaustible <strong>Source of Wisdom<\/strong>. <\/span><\/p><p><span style=\"font-weight: 400;\">The Akashic Records Method is not a training that intends to teach you anything new. It is a technique <strong>to help you remember Who You Are<\/strong> and how everything is within you, waiting to be rediscovered and place it at the service of humanity, which is so lacking in enlightenment.<\/span><\/p><h4 style=\"text-align: center;\"><b style=\"color: var(--ast-global-color-3); font-style: inherit; text-align: var(--text-align);\">RECIBIR\u00c1S:<\/b><\/h4><div style=\"text-align: center;\"><b style=\"color: var(--ast-global-color-3); font-style: inherit; text-align: var(--text-align);\">\u00a0<\/b><\/div><ul><li style=\"text-align: left;\"><span style=\"font-size: 16px;\">\u00a0The manual of SELF MASTERY &#8211; ADVANCED TRAINING OF AKASHIC RECORDS Level III<\/span><\/li><li>\u00a0Un diploma acreditativo del <strong><a href=\"https:\/\/sergiopuerta.com\/es\/training\/\">M\u00e9todo Akasha Maestros de la Luz\u00ae<\/a><\/strong>, avalado por ESA (Escuela de Sabidur\u00eda Ancestral).<\/li><li>\u00a0Aproximadamente un mes despu\u00e9s de la formaci\u00f3n, una <b>SESI\u00d3N GRATUITA EN L\u00cdNEA <\/b>se acordar\u00e1 con el Grupo de Formaci\u00f3n para <b>ASESOR\u00cdA<\/b> y <b>SEGUIMIENTO<\/b> .<\/li><li>\u00a0Once you have completed the 3rd level, trained with the \u201csacred tools\u201d that the Akasha Method\u00ae provides you, and performed several HEALING READINGS, you can access the MASTERY.<\/li><\/ul><p><span style=\"font-style: inherit; font-weight: inherit; text-align: var(--text-align); color: var(--ast-global-color-3); background-color: var(--ast-global-color-5);\"><strong>MASTERY IN THE AKASHIC RECORDS:<\/strong> this step is felt deep in the heart, it is a call that comes from the I AM and is related to His purpose and the mission we come to accomplish. The Mastery is to be blessed by the Supreme Intelligence of the AR, and taught by an authorized Master of the ESA\u2019S NETWORK.\u00a0<\/span><\/p><p>This level enables you to teach the\u00a0<b><a href=\"https:\/\/sergiopuerta.com\/es\/training\/\" target=\"_blank\" rel=\"noopener\">Akasha\u2019s Masters of Light Method\u00ae<\/a>\u00a0<\/b>to the world, providing you with all the material and support required for the correct and elevated expansion of this marvelous Divine Wisdom.<\/p>\t\t\t\t\t\t\t\t<\/div>\n\t\t\t\t<\/div>\n\t\t\t\t\t<\/div>\n\t\t\t\t<\/div>\n\t\t\t\t<\/div>","protected":false},"excerpt":{"rendered":"<p>advanced Training of Akashic Records SELF-MASTERY &#8211; LEVEL III It is the previous step to the Mastery, as long as you feel that this is your path. The Mastery is felt in the depths of the heart. It is an inner call to expand this wisdom in another way, teaching others who also seek their [&hellip;]<\/p>\n","protected":false},"author":1,"featured_media":0,"parent":0,"menu_order":0,"comment_status":"closed","ping_status":"closed","template":"","meta":{"site-sidebar-layout":"no-sidebar","site-content-layout":"page-builder","ast-site-content-layout":"full-width-container","site-content-style":"default","site-sidebar-style":"default","ast-global-header-display":"","ast-banner-title-visibility":"","ast-main-header-display":"","ast-hfb-above-header-display":"","ast-hfb-below-header-display":"","ast-hfb-mobile-header-display":"","site-post-title":"disabled","ast-breadcrumbs-content":"","ast-featured-img":"disabled","footer-sml-layout":"","ast-disable-related-posts":"","theme-transparent-header-meta":"","adv-header-id-meta":"","stick-header-meta":"","header-above-stick-meta":"","header-main-stick-meta":"","header-below-stick-meta":"","astra-migrate-meta-layouts":"set","ast-page-background-enabled":"default","ast-page-background-meta":{"desktop":{"background-color":"","background-image":"","background-repeat":"repeat","background-position":"center center","background-size":"auto","background-attachment":"scroll","background-type":"","background-media":"","overlay-type":"","overlay-color":"","overlay-opacity":"","overlay-gradient":""},"tablet":{"background-color":"","background-image":"","background-repeat":"repeat","background-position":"center center","background-size":"auto","background-attachment":"scroll","background-type":"","background-media":"","overlay-type":"","overlay-color":"","overlay-opacity":"","overlay-gradient":""},"mobile":{"background-color":"","background-image":"","background-repeat":"repeat","background-position":"center center","background-size":"auto","background-attachment":"scroll","background-type":"","background-media":"","overlay-type":"","overlay-color":"","overlay-opacity":"","overlay-gradient":""}},"ast-content-background-meta":{"desktop":{"background-color":"var(--ast-global-color-5)","background-image":"","background-repeat":"repeat","background-position":"center center","background-size":"auto","background-attachment":"scroll","background-type":"","background-media":"","overlay-type":"","overlay-color":"","overlay-opacity":"","overlay-gradient":""},"tablet":{"background-color":"var(--ast-global-color-5)","background-image":"","background-repeat":"repeat","background-position":"center center","background-size":"auto","background-attachment":"scroll","background-type":"","background-media":"","overlay-type":"","overlay-color":"","overlay-opacity":"","overlay-gradient":""},"mobile":{"background-color":"var(--ast-global-color-5)","background-image":"","background-repeat":"repeat","background-position":"center center","background-size":"auto","background-attachment":"scroll","background-type":"","background-media":"","overlay-type":"","overlay-color":"","overlay-opacity":"","overlay-gradient":""}},"footnotes":""},"class_list":["post-6406","page","type-page","status-publish","hentry"],"_links":{"self":[{"href":"https:\/\/sergiopuerta.com\/es\/wp-json\/wp\/v2\/pages\/6406","targetHints":{"allow":["GET"]}}],"collection":[{"href":"https:\/\/sergiopuerta.com\/es\/wp-json\/wp\/v2\/pages"}],"about":[{"href":"https:\/\/sergiopuerta.com\/es\/wp-json\/wp\/v2\/types\/page"}],"author":[{"embeddable":true,"href":"https:\/\/sergiopuerta.com\/es\/wp-json\/wp\/v2\/users\/1"}],"replies":[{"embeddable":true,"href":"https:\/\/sergiopuerta.com\/es\/wp-json\/wp\/v2\/comments?post=6406"}],"version-history":[{"count":67,"href":"https:\/\/sergiopuerta.com\/es\/wp-json\/wp\/v2\/pages\/6406\/revisions"}],"predecessor-version":[{"id":6492,"href":"https:\/\/sergiopuerta.com\/es\/wp-json\/wp\/v2\/pages\/6406\/revisions\/6492"}],"wp:attachment":[{"href":"https:\/\/sergiopuerta.com\/es\/wp-json\/wp\/v2\/media?parent=6406"}],"curies":[{"name":"wp","href":"https:\/\/api.w.org\/{rel}","templated":true}]}}